{"id":720,"date":"2021-07-05T09:05:29","date_gmt":"2021-07-05T09:05:29","guid":{"rendered":"http:\/\/www.obucamidd.rs\/?page_id=720"},"modified":"2021-07-23T09:20:58","modified_gmt":"2021-07-23T09:20:58","slug":"pravo-na-odustajanje","status":"publish","type":"page","link":"https:\/\/www.obucamidd.rs\/en\/pravo-na-odustajanje\/","title":{"rendered":"The Right To Withdraw"},"content":{"rendered":"<div data-elementor-type=\"wp-page\" data-elementor-id=\"720\" class=\"elementor elementor-720\">\n\t\t\t\t\t\t\t\t\t<section class=\"elementor-section elementor-top-section elementor-element elementor-element-2820f13 elementor-section-stretched elementor-reverse-mobile elementor-section-boxed elementor-section-height-default elementor-section-height-default\" data-id=\"2820f13\" data-element_type=\"section\" data-settings=\"{&quot;stretch_section&quot;:&quot;section-stretched&quot;}\">\n\t\t\t\t\t\t<div class=\"elementor-container elementor-column-gap-extended\">\n\t\t\t\t\t<div class=\"elementor-column elementor-col-100 elementor-top-column elementor-element elementor-element-6d41882\" data-id=\"6d41882\" data-element_type=\"column\">\n\t\t\t<div class=\"elementor-widget-wrap elementor-element-populated\">\n\t\t\t\t\t\t\t\t<div class=\"elementor-element elementor-element-91fec5f fmtpl-content-position-center fmtpl-content-align-center fmtpl-divider-position-bottom elementor-widget elementor-widget-fmtpl-title\" data-id=\"91fec5f\" data-element_type=\"widget\" data-widget_type=\"fmtpl-title.default\">\n\t\t\t\t<div class=\"elementor-widget-container\">\n\t\t\t<div class=\"fmtpl-elementor-widget fmtpl-heading-title heading_default\"><div class=\"fmtpl-tittle-content-wrap\"><div class=\"fmtpl-widget-title fmtpl-title-wrap\"><span class=\"title-content\">The Right To Withdraw<\/span><\/div><div class=\"fmtpl-divider-wrap\"><div class=\"fmtpl-divider\">&nbsp;<\/div><\/div><div class=\"fmtpl-title-desc\"><p><span style=\"font-weight: 400;\">If the products are purchased remotely (eg via the Seller's website) and delivered to the buyer's address, the buyer has the right to withdraw from the contract concluded remotely, within 14 days, without giving reasons and enduring additional costs, except for the cost of returning the goods. The 14 day period is calculated from the moment when the goods reach the the Buyer, ie a third party designated by the Buyer, who is not a delivery courier\/postal worker. When the Buyer orders several types of goods to be delivered separately with one purchase order, the 14-day period begins to run when the last type of ordered goods reaches the Buyer, ie a third party designated by the Buyer, who is not the delivery courier\/postal worker. When the delivery of goods consists of several shipments and parts, the period of 14 days begins to run when the last shipment or part, arrived in the country of the Buyer, or a third party designated by the Buyer, who is not a delivery courier\/postal worker. The deadline from this paragraph expires at the end of the last hour of the last day of the deadline.<\/span><\/p><p><span style=\"font-weight: 400;\">The Buyer exercises the right to withdraw from the contract by a statement that he can give on a special form for withdrawal from a contract concluded at a distance, ie outside the business premises or in another unambiguous manner (hereinafter: withdrawal form). The statement on withdrawal from the contract in the case of distance contracts and contracts concluded outside the business premises shall be considered timely if it is sent to the Seller within the period referred to in paragraph 1 of this Article. The statement of withdrawal from the contract has legal effect from the day it is sent to the Seller. If the Seller enables the Buyer to fill in and send the withdrawal form electronically, he is obliged to inform him about the receipt of the form without delay in writing or on another permanent record carrier.<\/span><\/p><p><span style=\"font-weight: 400;\">You can download the contract termination form <\/span><span style=\"font-weight: 400;\">HERE<\/span><span style=\"font-weight: 400;\"> You need to send the completed form to the following e-mail address: reklamacije@obucamidd.rs<\/span><\/p><p><span style=\"font-weight: 400;\">In case of legal withdrawal from the contract, the Seller is obliged to return to the Buyer without delay the amount paid by the Buyer under the contract, and no later than within 14 days from the day when he received the withdrawal form. The Seller may defer the refund until it receives the returned goods, or until the Buyer provides proof that he has sent the goods to the Seller, whichever comes first. The Buyer is obliged to return the goods to the Seller or a person authorized by the Seller, without delay, and no later than within 14 days from the day when he sent the withdrawal form. The buyer bears only the direct costs of returning the goods. The buyer is solely responsible for the diminished value of the goods resulting from the handling of the goods in a way that is not adequate, ie exceeds what is necessary to establish the nature, characteristics and functionality of the goods. The buyer will return the product in undamaged original packaging, with all the accompanying documentation that is in the original packaging and in the same condition in which it was delivered, without any mechanical or any other damage.<\/span><\/p><p><span style=\"font-weight: 400;\">The costs of returning the goods in the event of termination of the contract shall be payed for by the Buyer.<\/span><\/p><\/div><\/div><\/div>\t\t<\/div>\n\t\t\t\t<\/div>\n\t\t\t\t\t<\/div>\n\t\t<\/div>\n\t\t\t\t\t\t\t<\/div>\n\t\t<\/section>\n\t\t\t\t\t\t\t<\/div>","protected":false},"excerpt":{"rendered":"<p>Pravo na odustajanje&nbsp; Ukoliko se proizvodi kupuju na daljinu (npr. preko internet sajta Prodavca) i isporu\u010duju na adresu kupca, kupac ima pravo da odustane od ugovora zaklju\u010denog na daljinu, u roku od 14 dana, bez navo\u0111enja razloga i dodatnih tro\u0161kova, osim tro\u0161kova vra\u0107anja robe, koje u ovom slu\u010daju snosi Kupac. Kod ugovora o prodaji robe, [&hellip;]<\/p>","protected":false},"author":1,"featured_media":0,"parent":0,"menu_order":0,"comment_status":"closed","ping_status":"closed","template":"","meta":[],"yoast_head":"<!-- This site is optimized with the Yoast SEO plugin v17.0 - https:\/\/yoast.com\/wordpress\/plugins\/seo\/ -->\n<title>Pravo na odustajanje - Obu\u0107a Midd<\/title>\n<meta name=\"robots\" content=\"index, follow, max-snippet:-1, max-image-preview:large, max-video-preview:-1\" \/>\n<link rel=\"canonical\" href=\"https:\/\/www.obucamidd.rs\/en\/pravo-na-odustajanje\/\" \/>\n<meta property=\"og:locale\" content=\"en_US\" \/>\n<meta property=\"og:type\" content=\"article\" \/>\n<meta property=\"og:title\" content=\"Pravo na odustajanje - Obu\u0107a Midd\" \/>\n<meta property=\"og:description\" content=\"Pravo na odustajanje&nbsp; Ukoliko se proizvodi kupuju na daljinu (npr. preko internet sajta Prodavca) i isporu\u010duju na adresu kupca, kupac ima pravo da odustane od ugovora zaklju\u010denog na daljinu, u roku od 14 dana, bez navo\u0111enja razloga i dodatnih tro\u0161kova, osim tro\u0161kova vra\u0107anja robe, koje u ovom slu\u010daju snosi Kupac. Kod ugovora o prodaji robe, [&hellip;]\" \/>\n<meta property=\"og:url\" content=\"https:\/\/www.obucamidd.rs\/en\/pravo-na-odustajanje\/\" \/>\n<meta property=\"og:site_name\" content=\"Obu\u0107a Midd\" \/>\n<meta property=\"article:modified_time\" content=\"2021-07-23T09:20:58+00:00\" \/>\n<meta name=\"twitter:card\" content=\"summary_large_image\" \/>\n<meta name=\"twitter:label1\" content=\"Est. reading time\" \/>\n\t<meta name=\"twitter:data1\" content=\"3 minutes\" \/>\n<script type=\"application\/ld+json\" class=\"yoast-schema-graph\">{\"@context\":\"https:\/\/schema.org\",\"@graph\":[{\"@type\":\"Organization\",\"@id\":\"https:\/\/www.obucamidd.rs\/#organization\",\"name\":\"obucamidd\",\"url\":\"https:\/\/www.obucamidd.rs\/\",\"sameAs\":[],\"logo\":{\"@type\":\"ImageObject\",\"@id\":\"https:\/\/www.obucamidd.rs\/#logo\",\"inLanguage\":\"en-US\",\"url\":\"http:\/\/www.obucamidd.rs\/wp-content\/uploads\/2021\/09\/logo.svg\",\"contentUrl\":\"http:\/\/www.obucamidd.rs\/wp-content\/uploads\/2021\/09\/logo.svg\",\"width\":1629,\"height\":1219,\"caption\":\"obucamidd\"},\"image\":{\"@id\":\"https:\/\/www.obucamidd.rs\/#logo\"}},{\"@type\":\"WebSite\",\"@id\":\"https:\/\/www.obucamidd.rs\/#website\",\"url\":\"https:\/\/www.obucamidd.rs\/\",\"name\":\"Obu\\u0107a Midd\",\"description\":\"Udobnost na Prvom Mestu\",\"publisher\":{\"@id\":\"https:\/\/www.obucamidd.rs\/#organization\"},\"potentialAction\":[{\"@type\":\"SearchAction\",\"target\":{\"@type\":\"EntryPoint\",\"urlTemplate\":\"https:\/\/www.obucamidd.rs\/?s={search_term_string}\"},\"query-input\":\"required name=search_term_string\"}],\"inLanguage\":\"en-US\"},{\"@type\":\"WebPage\",\"@id\":\"https:\/\/www.obucamidd.rs\/pravo-na-odustajanje\/#webpage\",\"url\":\"https:\/\/www.obucamidd.rs\/pravo-na-odustajanje\/\",\"name\":\"Pravo na odustajanje - Obu\\u0107a Midd\",\"isPartOf\":{\"@id\":\"https:\/\/www.obucamidd.rs\/#website\"},\"datePublished\":\"2021-07-05T09:05:29+00:00\",\"dateModified\":\"2021-07-23T09:20:58+00:00\",\"breadcrumb\":{\"@id\":\"https:\/\/www.obucamidd.rs\/pravo-na-odustajanje\/#breadcrumb\"},\"inLanguage\":\"en-US\",\"potentialAction\":[{\"@type\":\"ReadAction\",\"target\":[\"https:\/\/www.obucamidd.rs\/pravo-na-odustajanje\/\"]}]},{\"@type\":\"BreadcrumbList\",\"@id\":\"https:\/\/www.obucamidd.rs\/pravo-na-odustajanje\/#breadcrumb\",\"itemListElement\":[{\"@type\":\"ListItem\",\"position\":1,\"name\":\"Home\",\"item\":\"https:\/\/www.obucamidd.rs\/\"},{\"@type\":\"ListItem\",\"position\":2,\"name\":\"Pravo na odustajanje\"}]}]}<\/script>\n<!-- \/ Yoast SEO plugin. -->","yoast_head_json":{"title":"Pravo na odustajanje - Obu\u0107a Midd","robots":{"index":"index","follow":"follow","max-snippet":"max-snippet:-1","max-image-preview":"max-image-preview:large","max-video-preview":"max-video-preview:-1"},"canonical":"https:\/\/www.obucamidd.rs\/en\/pravo-na-odustajanje\/","og_locale":"en_US","og_type":"article","og_title":"Pravo na odustajanje - Obu\u0107a Midd","og_description":"Pravo na odustajanje&nbsp; Ukoliko se proizvodi kupuju na daljinu (npr. preko internet sajta Prodavca) i isporu\u010duju na adresu kupca, kupac ima pravo da odustane od ugovora zaklju\u010denog na daljinu, u roku od 14 dana, bez navo\u0111enja razloga i dodatnih tro\u0161kova, osim tro\u0161kova vra\u0107anja robe, koje u ovom slu\u010daju snosi Kupac. Kod ugovora o prodaji robe, [&hellip;]","og_url":"https:\/\/www.obucamidd.rs\/en\/pravo-na-odustajanje\/","og_site_name":"Obu\u0107a Midd","article_modified_time":"2021-07-23T09:20:58+00:00","twitter_card":"summary_large_image","twitter_misc":{"Est. reading time":"3 minutes"},"schema":{"@context":"https:\/\/schema.org","@graph":[{"@type":"Organization","@id":"https:\/\/www.obucamidd.rs\/#organization","name":"obucamidd","url":"https:\/\/www.obucamidd.rs\/","sameAs":[],"logo":{"@type":"ImageObject","@id":"https:\/\/www.obucamidd.rs\/#logo","inLanguage":"en-US","url":"http:\/\/www.obucamidd.rs\/wp-content\/uploads\/2021\/09\/logo.svg","contentUrl":"http:\/\/www.obucamidd.rs\/wp-content\/uploads\/2021\/09\/logo.svg","width":1629,"height":1219,"caption":"obucamidd"},"image":{"@id":"https:\/\/www.obucamidd.rs\/#logo"}},{"@type":"WebSite","@id":"https:\/\/www.obucamidd.rs\/#website","url":"https:\/\/www.obucamidd.rs\/","name":"Obu\u0107a Midd","description":"Udobnost na Prvom Mestu","publisher":{"@id":"https:\/\/www.obucamidd.rs\/#organization"},"potentialAction":[{"@type":"SearchAction","target":{"@type":"EntryPoint","urlTemplate":"https:\/\/www.obucamidd.rs\/?s={search_term_string}"},"query-input":"required name=search_term_string"}],"inLanguage":"en-US"},{"@type":"WebPage","@id":"https:\/\/www.obucamidd.rs\/pravo-na-odustajanje\/#webpage","url":"https:\/\/www.obucamidd.rs\/pravo-na-odustajanje\/","name":"Pravo na odustajanje - Obu\u0107a Midd","isPartOf":{"@id":"https:\/\/www.obucamidd.rs\/#website"},"datePublished":"2021-07-05T09:05:29+00:00","dateModified":"2021-07-23T09:20:58+00:00","breadcrumb":{"@id":"https:\/\/www.obucamidd.rs\/pravo-na-odustajanje\/#breadcrumb"},"inLanguage":"en-US","potentialAction":[{"@type":"ReadAction","target":["https:\/\/www.obucamidd.rs\/pravo-na-odustajanje\/"]}]},{"@type":"BreadcrumbList","@id":"https:\/\/www.obucamidd.rs\/pravo-na-odustajanje\/#breadcrumb","itemListElement":[{"@type":"ListItem","position":1,"name":"Home","item":"https:\/\/www.obucamidd.rs\/"},{"@type":"ListItem","position":2,"name":"Pravo na odustajanje"}]}]}},"_links":{"self":[{"href":"https:\/\/www.obucamidd.rs\/en\/wp-json\/wp\/v2\/pages\/720"}],"collection":[{"href":"https:\/\/www.obucamidd.rs\/en\/wp-json\/wp\/v2\/pages"}],"about":[{"href":"https:\/\/www.obucamidd.rs\/en\/wp-json\/wp\/v2\/types\/page"}],"author":[{"embeddable":true,"href":"https:\/\/www.obucamidd.rs\/en\/wp-json\/wp\/v2\/users\/1"}],"replies":[{"embeddable":true,"href":"https:\/\/www.obucamidd.rs\/en\/wp-json\/wp\/v2\/comments?post=720"}],"version-history":[{"count":15,"href":"https:\/\/www.obucamidd.rs\/en\/wp-json\/wp\/v2\/pages\/720\/revisions"}],"predecessor-version":[{"id":1117,"href":"https:\/\/www.obucamidd.rs\/en\/wp-json\/wp\/v2\/pages\/720\/revisions\/1117"}],"wp:attachment":[{"href":"https:\/\/www.obucamidd.rs\/en\/wp-json\/wp\/v2\/media?parent=720"}],"curies":[{"name":"wp","href":"https:\/\/api.w.org\/{rel}","templated":true}]}}