{"id":679,"date":"2021-07-05T08:19:06","date_gmt":"2021-07-05T08:19:06","guid":{"rendered":"http:\/\/www.obucamidd.rs\/?page_id=679"},"modified":"2021-07-13T12:39:58","modified_gmt":"2021-07-13T12:39:58","slug":"uslovi-koriscenja","status":"publish","type":"page","link":"https:\/\/www.obucamidd.rs\/en\/uslovi-koriscenja\/","title":{"rendered":"Terms of Use"},"content":{"rendered":"<div data-elementor-type=\"wp-page\" data-elementor-id=\"679\" class=\"elementor elementor-679\">\n\t\t\t\t\t\t\t\t\t<section class=\"elementor-section elementor-top-section elementor-element elementor-element-2820f13 elementor-section-stretched elementor-reverse-mobile elementor-section-boxed elementor-section-height-default elementor-section-height-default\" data-id=\"2820f13\" data-element_type=\"section\" data-settings=\"{&quot;stretch_section&quot;:&quot;section-stretched&quot;}\">\n\t\t\t\t\t\t<div class=\"elementor-container elementor-column-gap-extended\">\n\t\t\t\t\t<div class=\"elementor-column elementor-col-100 elementor-top-column elementor-element elementor-element-6d41882\" data-id=\"6d41882\" data-element_type=\"column\">\n\t\t\t<div class=\"elementor-widget-wrap elementor-element-populated\">\n\t\t\t\t\t\t\t\t<div class=\"elementor-element elementor-element-91fec5f fmtpl-content-position-center fmtpl-content-align-center fmtpl-divider-position-bottom elementor-widget elementor-widget-fmtpl-title\" data-id=\"91fec5f\" data-element_type=\"widget\" data-widget_type=\"fmtpl-title.default\">\n\t\t\t\t<div class=\"elementor-widget-container\">\n\t\t\t<div class=\"fmtpl-elementor-widget fmtpl-heading-title heading_default\"><div class=\"fmtpl-tittle-content-wrap\"><div class=\"fmtpl-widget-title fmtpl-title-wrap\"><span class=\"title-content\">Terms of Use<\/span><\/div><div class=\"fmtpl-divider-wrap\"><div class=\"fmtpl-divider\">&nbsp;<\/div><\/div><div class=\"fmtpl-title-desc\"><p><span style=\"font-weight: 400;\">When using this site, you are obliged to comply with applicable laws and regulations. The content of the site may not be modified, distributed, reproduced, sold, copied or in any other way used and made available to third parties.<\/span><\/p><p><span style=\"font-weight: 400;\">It is forbidden to publish material that commits defamation, violation of rights, which is offensive, false, threatening, vulgar, pornographic, or in any way incites a criminal or illegal act on this site. MIDD footwear reserves the right to remove such material from the site without prior notice to users.<\/span><\/p><p><span style=\"font-weight: 400;\">Any misrepresentation and publication of inaccurate information regarding the site or persons related to it is prohibited.<\/span><\/p><p><span style=\"font-weight: 400;\">The use of the site for propaganda purposes is prohibited.<\/span><\/p><p><span style=\"font-weight: 400;\">Any use of the site for the purpose of reselling goods is prohibited.<\/span><\/p><p><span style=\"font-weight: 400;\">It is forbidden to install viruses and all computer codes, files and programs that in any way can damage or take control of the site or related equipment.<\/span><\/p><p><span style=\"font-weight: 400;\">Stranice na\u0161eg sajta mo\u017eete koristiti informativno i za kupovinu sve robe koja je na sajtu objavljena.<\/span><\/p><\/div><\/div><\/div>\t\t<\/div>\n\t\t\t\t<\/div>\n\t\t\t\t\t<\/div>\n\t\t<\/div>\n\t\t\t\t\t\t\t<\/div>\n\t\t<\/section>\n\t\t\t\t\t\t\t<\/div>","protected":false},"excerpt":{"rendered":"<p>Uslovi kori\u0161\u0107enja&nbsp; Prilikom kori\u0161\u0107enja sajta obavezni ste da po\u0161tujete va\u017ee\u0107e zakone i propise. Sadr\u017eaj sajta se ne sme modifikovati, distribuirati, reprodukovati, prodavati, kopirati ili na bilo koji drugi na\u010din upotrebljavati i \u010diniti dostupnim tre\u0107im licima. Zabranjeno je na sajtu objavljivati materijal kojim se vr\u0161i kleveta, povreda prava, koji je uvredljiv, la\u017ean, prete\u0107i, vulgaran, pornografski, ili [&hellip;]<\/p>","protected":false},"author":1,"featured_media":0,"parent":0,"menu_order":0,"comment_status":"closed","ping_status":"closed","template":"","meta":[],"yoast_head":"<!-- This site is optimized with the Yoast SEO plugin v17.0 - https:\/\/yoast.com\/wordpress\/plugins\/seo\/ -->\n<title>Uslovi kori\u0161\u0107enja - Obu\u0107a Midd<\/title>\n<meta name=\"robots\" content=\"index, follow, max-snippet:-1, max-image-preview:large, max-video-preview:-1\" \/>\n<link rel=\"canonical\" href=\"https:\/\/www.obucamidd.rs\/en\/uslovi-koriscenja\/\" \/>\n<meta property=\"og:locale\" content=\"en_US\" \/>\n<meta property=\"og:type\" content=\"article\" \/>\n<meta property=\"og:title\" content=\"Uslovi kori\u0161\u0107enja - Obu\u0107a Midd\" \/>\n<meta property=\"og:description\" content=\"Uslovi kori\u0161\u0107enja&nbsp; Prilikom kori\u0161\u0107enja sajta obavezni ste da po\u0161tujete va\u017ee\u0107e zakone i propise. Sadr\u017eaj sajta se ne sme modifikovati, distribuirati, reprodukovati, prodavati, kopirati ili na bilo koji drugi na\u010din upotrebljavati i \u010diniti dostupnim tre\u0107im licima. Zabranjeno je na sajtu objavljivati materijal kojim se vr\u0161i kleveta, povreda prava, koji je uvredljiv, la\u017ean, prete\u0107i, vulgaran, pornografski, ili [&hellip;]\" \/>\n<meta property=\"og:url\" content=\"https:\/\/www.obucamidd.rs\/en\/uslovi-koriscenja\/\" \/>\n<meta property=\"og:site_name\" content=\"Obu\u0107a Midd\" \/>\n<meta property=\"article:modified_time\" content=\"2021-07-13T12:39:58+00:00\" \/>\n<meta name=\"twitter:card\" content=\"summary_large_image\" \/>\n<meta name=\"twitter:label1\" content=\"Est. reading time\" \/>\n\t<meta name=\"twitter:data1\" content=\"1 minute\" \/>\n<script type=\"application\/ld+json\" class=\"yoast-schema-graph\">{\"@context\":\"https:\/\/schema.org\",\"@graph\":[{\"@type\":\"Organization\",\"@id\":\"https:\/\/www.obucamidd.rs\/#organization\",\"name\":\"obucamidd\",\"url\":\"https:\/\/www.obucamidd.rs\/\",\"sameAs\":[],\"logo\":{\"@type\":\"ImageObject\",\"@id\":\"https:\/\/www.obucamidd.rs\/#logo\",\"inLanguage\":\"en-US\",\"url\":\"http:\/\/www.obucamidd.rs\/wp-content\/uploads\/2021\/09\/logo.svg\",\"contentUrl\":\"http:\/\/www.obucamidd.rs\/wp-content\/uploads\/2021\/09\/logo.svg\",\"width\":1629,\"height\":1219,\"caption\":\"obucamidd\"},\"image\":{\"@id\":\"https:\/\/www.obucamidd.rs\/#logo\"}},{\"@type\":\"WebSite\",\"@id\":\"https:\/\/www.obucamidd.rs\/#website\",\"url\":\"https:\/\/www.obucamidd.rs\/\",\"name\":\"Obu\\u0107a Midd\",\"description\":\"Udobnost na Prvom Mestu\",\"publisher\":{\"@id\":\"https:\/\/www.obucamidd.rs\/#organization\"},\"potentialAction\":[{\"@type\":\"SearchAction\",\"target\":{\"@type\":\"EntryPoint\",\"urlTemplate\":\"https:\/\/www.obucamidd.rs\/?s={search_term_string}\"},\"query-input\":\"required name=search_term_string\"}],\"inLanguage\":\"en-US\"},{\"@type\":\"WebPage\",\"@id\":\"https:\/\/www.obucamidd.rs\/uslovi-koriscenja\/#webpage\",\"url\":\"https:\/\/www.obucamidd.rs\/uslovi-koriscenja\/\",\"name\":\"Uslovi kori\\u0161\\u0107enja - Obu\\u0107a Midd\",\"isPartOf\":{\"@id\":\"https:\/\/www.obucamidd.rs\/#website\"},\"datePublished\":\"2021-07-05T08:19:06+00:00\",\"dateModified\":\"2021-07-13T12:39:58+00:00\",\"breadcrumb\":{\"@id\":\"https:\/\/www.obucamidd.rs\/uslovi-koriscenja\/#breadcrumb\"},\"inLanguage\":\"en-US\",\"potentialAction\":[{\"@type\":\"ReadAction\",\"target\":[\"https:\/\/www.obucamidd.rs\/uslovi-koriscenja\/\"]}]},{\"@type\":\"BreadcrumbList\",\"@id\":\"https:\/\/www.obucamidd.rs\/uslovi-koriscenja\/#breadcrumb\",\"itemListElement\":[{\"@type\":\"ListItem\",\"position\":1,\"name\":\"Home\",\"item\":\"https:\/\/www.obucamidd.rs\/\"},{\"@type\":\"ListItem\",\"position\":2,\"name\":\"Uslovi kori\\u0161\\u0107enja\"}]}]}<\/script>\n<!-- \/ Yoast SEO plugin. -->","yoast_head_json":{"title":"Uslovi kori\u0161\u0107enja - Obu\u0107a Midd","robots":{"index":"index","follow":"follow","max-snippet":"max-snippet:-1","max-image-preview":"max-image-preview:large","max-video-preview":"max-video-preview:-1"},"canonical":"https:\/\/www.obucamidd.rs\/en\/uslovi-koriscenja\/","og_locale":"en_US","og_type":"article","og_title":"Uslovi kori\u0161\u0107enja - Obu\u0107a Midd","og_description":"Uslovi kori\u0161\u0107enja&nbsp; Prilikom kori\u0161\u0107enja sajta obavezni ste da po\u0161tujete va\u017ee\u0107e zakone i propise. Sadr\u017eaj sajta se ne sme modifikovati, distribuirati, reprodukovati, prodavati, kopirati ili na bilo koji drugi na\u010din upotrebljavati i \u010diniti dostupnim tre\u0107im licima. Zabranjeno je na sajtu objavljivati materijal kojim se vr\u0161i kleveta, povreda prava, koji je uvredljiv, la\u017ean, prete\u0107i, vulgaran, pornografski, ili [&hellip;]","og_url":"https:\/\/www.obucamidd.rs\/en\/uslovi-koriscenja\/","og_site_name":"Obu\u0107a Midd","article_modified_time":"2021-07-13T12:39:58+00:00","twitter_card":"summary_large_image","twitter_misc":{"Est. reading time":"1 minute"},"schema":{"@context":"https:\/\/schema.org","@graph":[{"@type":"Organization","@id":"https:\/\/www.obucamidd.rs\/#organization","name":"obucamidd","url":"https:\/\/www.obucamidd.rs\/","sameAs":[],"logo":{"@type":"ImageObject","@id":"https:\/\/www.obucamidd.rs\/#logo","inLanguage":"en-US","url":"http:\/\/www.obucamidd.rs\/wp-content\/uploads\/2021\/09\/logo.svg","contentUrl":"http:\/\/www.obucamidd.rs\/wp-content\/uploads\/2021\/09\/logo.svg","width":1629,"height":1219,"caption":"obucamidd"},"image":{"@id":"https:\/\/www.obucamidd.rs\/#logo"}},{"@type":"WebSite","@id":"https:\/\/www.obucamidd.rs\/#website","url":"https:\/\/www.obucamidd.rs\/","name":"Obu\u0107a Midd","description":"Udobnost na Prvom Mestu","publisher":{"@id":"https:\/\/www.obucamidd.rs\/#organization"},"potentialAction":[{"@type":"SearchAction","target":{"@type":"EntryPoint","urlTemplate":"https:\/\/www.obucamidd.rs\/?s={search_term_string}"},"query-input":"required name=search_term_string"}],"inLanguage":"en-US"},{"@type":"WebPage","@id":"https:\/\/www.obucamidd.rs\/uslovi-koriscenja\/#webpage","url":"https:\/\/www.obucamidd.rs\/uslovi-koriscenja\/","name":"Uslovi kori\u0161\u0107enja - Obu\u0107a Midd","isPartOf":{"@id":"https:\/\/www.obucamidd.rs\/#website"},"datePublished":"2021-07-05T08:19:06+00:00","dateModified":"2021-07-13T12:39:58+00:00","breadcrumb":{"@id":"https:\/\/www.obucamidd.rs\/uslovi-koriscenja\/#breadcrumb"},"inLanguage":"en-US","potentialAction":[{"@type":"ReadAction","target":["https:\/\/www.obucamidd.rs\/uslovi-koriscenja\/"]}]},{"@type":"BreadcrumbList","@id":"https:\/\/www.obucamidd.rs\/uslovi-koriscenja\/#breadcrumb","itemListElement":[{"@type":"ListItem","position":1,"name":"Home","item":"https:\/\/www.obucamidd.rs\/"},{"@type":"ListItem","position":2,"name":"Uslovi kori\u0161\u0107enja"}]}]}},"_links":{"self":[{"href":"https:\/\/www.obucamidd.rs\/en\/wp-json\/wp\/v2\/pages\/679"}],"collection":[{"href":"https:\/\/www.obucamidd.rs\/en\/wp-json\/wp\/v2\/pages"}],"about":[{"href":"https:\/\/www.obucamidd.rs\/en\/wp-json\/wp\/v2\/types\/page"}],"author":[{"embeddable":true,"href":"https:\/\/www.obucamidd.rs\/en\/wp-json\/wp\/v2\/users\/1"}],"replies":[{"embeddable":true,"href":"https:\/\/www.obucamidd.rs\/en\/wp-json\/wp\/v2\/comments?post=679"}],"version-history":[{"count":15,"href":"https:\/\/www.obucamidd.rs\/en\/wp-json\/wp\/v2\/pages\/679\/revisions"}],"predecessor-version":[{"id":1076,"href":"https:\/\/www.obucamidd.rs\/en\/wp-json\/wp\/v2\/pages\/679\/revisions\/1076"}],"wp:attachment":[{"href":"https:\/\/www.obucamidd.rs\/en\/wp-json\/wp\/v2\/media?parent=679"}],"curies":[{"name":"wp","href":"https:\/\/api.w.org\/{rel}","templated":true}]}}