{"id":297,"date":"2021-04-01T07:53:37","date_gmt":"2021-04-01T07:53:37","guid":{"rendered":"https:\/\/fisino.familab.net\/?page_id=1991"},"modified":"2021-07-13T09:44:51","modified_gmt":"2021-07-13T09:44:51","slug":"kontakt","status":"publish","type":"page","link":"https:\/\/www.obucamidd.rs\/en\/kontakt\/","title":{"rendered":"Contact Us"},"content":{"rendered":"<div data-elementor-type=\"wp-page\" data-elementor-id=\"297\" class=\"elementor elementor-297\">\n\t\t\t\t\t\t\t\t\t<section class=\"elementor-section elementor-top-section elementor-element elementor-element-5fa43f92 elementor-section-full_width elementor-section-stretched elementor-section-height-default elementor-section-height-default\" data-id=\"5fa43f92\" data-element_type=\"section\" data-settings=\"{&quot;stretch_section&quot;:&quot;section-stretched&quot;}\">\n\t\t\t\t\t\t<div class=\"elementor-container elementor-column-gap-no\">\n\t\t\t\t\t<div class=\"elementor-column elementor-col-100 elementor-top-column elementor-element elementor-element-33fd4216\" data-id=\"33fd4216\" data-element_type=\"column\">\n\t\t\t<div class=\"elementor-widget-wrap elementor-element-populated\">\n\t\t\t\t\t\t\t\t<div class=\"elementor-element elementor-element-44975377 elementor-widget elementor-widget-google_maps\" data-id=\"44975377\" data-element_type=\"widget\" data-widget_type=\"google_maps.default\">\n\t\t\t\t<div class=\"elementor-widget-container\">\n\t\t\t\t\t<div class=\"elementor-custom-embed\">\n\t\t\t<iframe frameborder=\"0\" scrolling=\"no\" marginheight=\"0\" marginwidth=\"0\"\n\t\t\t\t\tsrc=\"https:\/\/maps.google.com\/maps?q=Sin%C4%91eli%C4%87eva%2042%2C%2035230%20%C4%86uprija&#038;t=m&#038;z=16&#038;output=embed&#038;iwloc=near\"\n\t\t\t\t\ttitle=\"Sin\u0111eli\u0107eva 42, 35230 \u0106uprija\"\n\t\t\t\t\taria-label=\"Sin\u0111eli\u0107eva 42, 35230 \u0106uprija\"\n\t\t\t><\/iframe>\n\t\t<\/div>\n\t\t\t\t<\/div>\n\t\t\t\t<\/div>\n\t\t\t\t\t<\/div>\n\t\t<\/div>\n\t\t\t\t\t\t\t<\/div>\n\t\t<\/section>\n\t\t\t\t<section class=\"elementor-section elementor-top-section elementor-element elementor-element-6068f984 elementor-reverse-mobile elementor-section-boxed elementor-section-height-default elementor-section-height-default\" data-id=\"6068f984\" data-element_type=\"section\">\n\t\t\t\t\t\t<div class=\"elementor-container elementor-column-gap-no\">\n\t\t\t\t\t<div class=\"elementor-column elementor-col-50 elementor-top-column elementor-element elementor-element-309024e5\" data-id=\"309024e5\" data-element_type=\"column\">\n\t\t\t<div class=\"elementor-widget-wrap elementor-element-populated\">\n\t\t\t\t\t\t\t\t<div class=\"elementor-element elementor-element-15cc7396 elementor-widget elementor-widget-heading\" data-id=\"15cc7396\" data-element_type=\"widget\" data-widget_type=\"heading.default\">\n\t\t\t\t<div class=\"elementor-widget-container\">\n\t\t\t<h2 class=\"elementor-heading-title elementor-size-default\">Contact Us<\/h2>\t\t<\/div>\n\t\t\t\t<\/div>\n\t\t\t\t<div class=\"elementor-element elementor-element-1f7bd31d elementor-widget elementor-widget-text-editor\" data-id=\"1f7bd31d\" data-element_type=\"widget\" data-widget_type=\"text-editor.default\">\n\t\t\t\t<div class=\"elementor-widget-container\">\n\t\t\t\t\t\t\t<p>For any additional questions and enquiries please send us an email or call us directly.<\/p>\t\t\t\t\t\t<\/div>\n\t\t\t\t<\/div>\n\t\t\t\t<div class=\"elementor-element elementor-element-38418892 elementor-position-left elementor-vertical-align-middle contact_icon_border elementor-view-default elementor-mobile-position-top elementor-widget elementor-widget-icon-box\" data-id=\"38418892\" data-element_type=\"widget\" data-widget_type=\"icon-box.default\">\n\t\t\t\t<div class=\"elementor-widget-container\">\n\t\t\t\t\t<div class=\"elementor-icon-box-wrapper\">\n\t\t\t\t\t\t<div class=\"elementor-icon-box-icon\">\n\t\t\t\t<span class=\"elementor-icon elementor-animation-\" >\n\t\t\t\t\t\t\t\t<\/span>\n\t\t\t<\/div>\n\t\t\t\t\t\t<div class=\"elementor-icon-box-content\">\n\t\t\t\t<h3 class=\"elementor-icon-box-title\">\n\t\t\t\t\t<span  >\n\t\t\t\t\t\tAdress\t\t\t\t\t<\/span>\n\t\t\t\t<\/h3>\n\t\t\t\t\t\t\t\t\t<p class=\"elementor-icon-box-description\">\n\t\t\t\t\t\t<span id=\"docs-internal-guid-c0cd1860-7fff-550d-335c-fa755e0b9c0e\"><span style=\"font-size: 11pt; font-family: Arial; color: rgb(33, 33, 33); background-color: transparent; font-variant-numeric: normal; font-variant-east-asian: normal; vertical-align: baseline;\">Sin\u0111eli\u0107eva 42, 35230 \u0106uprija<\/span><\/span>\t\t\t\t\t<\/p>\n\t\t\t\t\t\t\t<\/div>\n\t\t<\/div>\n\t\t\t\t<\/div>\n\t\t\t\t<\/div>\n\t\t\t\t<div class=\"elementor-element elementor-element-16b93a27 elementor-position-left elementor-vertical-align-middle contact_icon_border elementor-view-default elementor-mobile-position-top elementor-widget elementor-widget-icon-box\" data-id=\"16b93a27\" data-element_type=\"widget\" data-widget_type=\"icon-box.default\">\n\t\t\t\t<div class=\"elementor-widget-container\">\n\t\t\t\t\t<div class=\"elementor-icon-box-wrapper\">\n\t\t\t\t\t\t<div class=\"elementor-icon-box-icon\">\n\t\t\t\t<span class=\"elementor-icon elementor-animation-\" >\n\t\t\t\t\t\t\t\t<\/span>\n\t\t\t<\/div>\n\t\t\t\t\t\t<div class=\"elementor-icon-box-content\">\n\t\t\t\t<h3 class=\"elementor-icon-box-title\">\n\t\t\t\t\t<span  >\n\t\t\t\t\t\tPhone 1\t\t\t\t\t<\/span>\n\t\t\t\t<\/h3>\n\t\t\t\t\t\t\t\t\t<p class=\"elementor-icon-box-description\">\n\t\t\t\t\t\t+381 35 8474 323\t\t\t\t\t<\/p>\n\t\t\t\t\t\t\t<\/div>\n\t\t<\/div>\n\t\t\t\t<\/div>\n\t\t\t\t<\/div>\n\t\t\t\t<div class=\"elementor-element elementor-element-858ea7b elementor-position-left elementor-vertical-align-middle contact_icon_border elementor-view-default elementor-mobile-position-top elementor-widget elementor-widget-icon-box\" data-id=\"858ea7b\" data-element_type=\"widget\" data-widget_type=\"icon-box.default\">\n\t\t\t\t<div class=\"elementor-widget-container\">\n\t\t\t\t\t<div class=\"elementor-icon-box-wrapper\">\n\t\t\t\t\t\t<div class=\"elementor-icon-box-icon\">\n\t\t\t\t<span class=\"elementor-icon elementor-animation-\" >\n\t\t\t\t\t\t\t\t<\/span>\n\t\t\t<\/div>\n\t\t\t\t\t\t<div class=\"elementor-icon-box-content\">\n\t\t\t\t<h3 class=\"elementor-icon-box-title\">\n\t\t\t\t\t<span  >\n\t\t\t\t\t\tPhone 2\t\t\t\t\t<\/span>\n\t\t\t\t<\/h3>\n\t\t\t\t\t\t\t\t\t<p class=\"elementor-icon-box-description\">\n\t\t\t\t\t\t+381 63 77 901 77\t\t\t\t\t<\/p>\n\t\t\t\t\t\t\t<\/div>\n\t\t<\/div>\n\t\t\t\t<\/div>\n\t\t\t\t<\/div>\n\t\t\t\t<div class=\"elementor-element elementor-element-5a8a82d7 elementor-position-left elementor-vertical-align-middle contact_icon_border elementor-view-default elementor-mobile-position-top elementor-widget elementor-widget-icon-box\" data-id=\"5a8a82d7\" data-element_type=\"widget\" data-widget_type=\"icon-box.default\">\n\t\t\t\t<div class=\"elementor-widget-container\">\n\t\t\t\t\t<div class=\"elementor-icon-box-wrapper\">\n\t\t\t\t\t\t<div class=\"elementor-icon-box-icon\">\n\t\t\t\t<span class=\"elementor-icon elementor-animation-\" >\n\t\t\t\t\t\t\t\t<\/span>\n\t\t\t<\/div>\n\t\t\t\t\t\t<div class=\"elementor-icon-box-content\">\n\t\t\t\t<h3 class=\"elementor-icon-box-title\">\n\t\t\t\t\t<span  >\n\t\t\t\t\t\tEmail\t\t\t\t\t<\/span>\n\t\t\t\t<\/h3>\n\t\t\t\t\t\t\t\t\t<p class=\"elementor-icon-box-description\">\n\t\t\t\t\t\tinfo@obucamidd.rs\t\t\t\t\t<\/p>\n\t\t\t\t\t\t\t<\/div>\n\t\t<\/div>\n\t\t\t\t<\/div>\n\t\t\t\t<\/div>\n\t\t\t\t\t<\/div>\n\t\t<\/div>\n\t\t\t\t<div class=\"elementor-column elementor-col-50 elementor-top-column elementor-element elementor-element-3233a842\" data-id=\"3233a842\" data-element_type=\"column\" data-settings=\"{&quot;background_background&quot;:&quot;classic&quot;}\">\n\t\t\t<div class=\"elementor-widget-wrap elementor-element-populated\">\n\t\t\t\t\t\t\t\t<div class=\"elementor-element elementor-element-2fddeb9b fmtpl-content-position-center fmtpl-content-align-center elementor-widget elementor-widget-fmtpl-title\" data-id=\"2fddeb9b\" data-element_type=\"widget\" data-widget_type=\"fmtpl-title.default\">\n\t\t\t\t<div class=\"elementor-widget-container\">\n\t\t\t<div class=\"fmtpl-elementor-widget fmtpl-heading-title heading_default\"><div class=\"fmtpl-tittle-content-wrap\"><div class=\"fmtpl-widget-title fmtpl-title-wrap icon-pos-top\"><span class=\"title-content\">Send Us a Message<\/span><\/div><div class=\"fmtpl-title-desc\"><\/div><\/div><\/div>\t\t<\/div>\n\t\t\t\t<\/div>\n\t\t\t\t<div class=\"elementor-element elementor-element-6019df4b contact_form_v1 elementor-widget elementor-widget-wpforms\" data-id=\"6019df4b\" data-element_type=\"widget\" data-widget_type=\"wpforms.default\">\n\t\t\t\t<div class=\"elementor-widget-container\">\n\t\t\t<div class=\"wpforms-container wpforms-container-full\" id=\"wpforms-306\"><form id=\"wpforms-form-306\" class=\"wpforms-validate wpforms-form\" data-formid=\"306\" method=\"post\" enctype=\"multipart\/form-data\" action=\"\/en\/wp-json\/wp\/v2\/pages\/297\" data-token=\"221afabb5ed87446b9330c6ab828c125\" data-trp-original-action=\"\/en\/wp-json\/wp\/v2\/pages\/297\"><noscript class=\"wpforms-error-noscript\">Please enable JavaScript in your browser to complete this form.<\/noscript><div class=\"wpforms-field-container\"><div id=\"wpforms-306-field_1-container\" class=\"wpforms-field wpforms-field-name\" data-field-id=\"1\"><label class=\"wpforms-field-label\" for=\"wpforms-306-field_1\">First and Last Name <span class=\"wpforms-required-label\">*<\/span><\/label><input type=\"text\" id=\"wpforms-306-field_1\" class=\"wpforms-field-medium wpforms-field-required\" name=\"wpforms[fields][1]\" required><\/div><div id=\"wpforms-306-field_2-container\" class=\"wpforms-field wpforms-field-email\" data-field-id=\"2\"><label class=\"wpforms-field-label\" for=\"wpforms-306-field_2\">Email <span class=\"wpforms-required-label\">*<\/span><\/label><input type=\"email\" id=\"wpforms-306-field_2\" class=\"wpforms-field-medium wpforms-field-required\" name=\"wpforms[fields][2]\" required><\/div><div id=\"wpforms-306-field_0-container\" class=\"wpforms-field wpforms-field-textarea\" data-field-id=\"0\"><label class=\"wpforms-field-label\" for=\"wpforms-306-field_0\">Your Message <span class=\"wpforms-required-label\">*<\/span><\/label><textarea id=\"wpforms-306-field_0\" class=\"wpforms-field-medium wpforms-field-required\" name=\"wpforms[fields][0]\" required><\/textarea><\/div><\/div><div class=\"wpforms-submit-container\"><input type=\"hidden\" name=\"wpforms[id]\" value=\"306\"><input type=\"hidden\" name=\"wpforms[author]\" value=\"1\"><button type=\"submit\" name=\"wpforms[submit]\" id=\"wpforms-submit-306\" class=\"wpforms-submit\" aria-live=\"assertive\" value=\"wpforms-submit\">Send Message<\/button><\/div><input type=\"hidden\" name=\"trp-form-language\" value=\"en\"\/><\/form><\/div>  <!-- .wpforms-container -->\t\t<\/div>\n\t\t\t\t<\/div>\n\t\t\t\t\t<\/div>\n\t\t<\/div>\n\t\t\t\t\t\t\t<\/div>\n\t\t<\/section>\n\t\t\t\t\t\t\t<\/div>","protected":false},"excerpt":{"rendered":"<p>Kontaktirajte nas Za sva dodatna pitanja u vezi nas i na\u0161ih proizvoda mo\u017eete nam poslati e-mail ili nas mo\u017eete pozvati telefonom. Adresa Sin\u0111eli\u0107eva 42, 35230 \u0106uprija Telefon 1 +381 35 8474 323 Telefon 2 +381 63 77 901 77 Email info@obucamidd.rs Po\u0161aljite nam poruku<\/p>","protected":false},"author":1,"featured_media":0,"parent":0,"menu_order":0,"comment_status":"closed","ping_status":"closed","template":"","meta":[],"yoast_head":"<!-- This site is optimized with the Yoast SEO plugin v17.0 - https:\/\/yoast.com\/wordpress\/plugins\/seo\/ -->\n<title>Kontakt - Obu\u0107a Midd<\/title>\n<meta name=\"robots\" content=\"index, follow, max-snippet:-1, max-image-preview:large, max-video-preview:-1\" \/>\n<link rel=\"canonical\" href=\"https:\/\/www.obucamidd.rs\/en\/kontakt\/\" \/>\n<meta property=\"og:locale\" content=\"en_US\" \/>\n<meta property=\"og:type\" content=\"article\" \/>\n<meta property=\"og:title\" content=\"Kontakt - Obu\u0107a Midd\" \/>\n<meta property=\"og:description\" content=\"Kontaktirajte nas Za sva dodatna pitanja u vezi nas i na\u0161ih proizvoda mo\u017eete nam poslati e-mail ili nas mo\u017eete pozvati telefonom. Adresa Sin\u0111eli\u0107eva 42, 35230 \u0106uprija Telefon 1 +381 35 8474 323 Telefon 2 +381 63 77 901 77 Email info@obucamidd.rs Po\u0161aljite nam poruku\" \/>\n<meta property=\"og:url\" content=\"https:\/\/www.obucamidd.rs\/en\/kontakt\/\" \/>\n<meta property=\"og:site_name\" content=\"Obu\u0107a Midd\" \/>\n<meta property=\"article:modified_time\" content=\"2021-07-13T09:44:51+00:00\" \/>\n<meta name=\"twitter:card\" content=\"summary_large_image\" \/>\n<script type=\"application\/ld+json\" class=\"yoast-schema-graph\">{\"@context\":\"https:\/\/schema.org\",\"@graph\":[{\"@type\":\"Organization\",\"@id\":\"https:\/\/www.obucamidd.rs\/#organization\",\"name\":\"obucamidd\",\"url\":\"https:\/\/www.obucamidd.rs\/\",\"sameAs\":[],\"logo\":{\"@type\":\"ImageObject\",\"@id\":\"https:\/\/www.obucamidd.rs\/#logo\",\"inLanguage\":\"en-US\",\"url\":\"http:\/\/www.obucamidd.rs\/wp-content\/uploads\/2021\/09\/logo.svg\",\"contentUrl\":\"http:\/\/www.obucamidd.rs\/wp-content\/uploads\/2021\/09\/logo.svg\",\"width\":1629,\"height\":1219,\"caption\":\"obucamidd\"},\"image\":{\"@id\":\"https:\/\/www.obucamidd.rs\/#logo\"}},{\"@type\":\"WebSite\",\"@id\":\"https:\/\/www.obucamidd.rs\/#website\",\"url\":\"https:\/\/www.obucamidd.rs\/\",\"name\":\"Obu\\u0107a Midd\",\"description\":\"Udobnost na Prvom Mestu\",\"publisher\":{\"@id\":\"https:\/\/www.obucamidd.rs\/#organization\"},\"potentialAction\":[{\"@type\":\"SearchAction\",\"target\":{\"@type\":\"EntryPoint\",\"urlTemplate\":\"https:\/\/www.obucamidd.rs\/?s={search_term_string}\"},\"query-input\":\"required name=search_term_string\"}],\"inLanguage\":\"en-US\"},{\"@type\":\"WebPage\",\"@id\":\"https:\/\/www.obucamidd.rs\/kontakt\/#webpage\",\"url\":\"https:\/\/www.obucamidd.rs\/kontakt\/\",\"name\":\"Kontakt - Obu\\u0107a Midd\",\"isPartOf\":{\"@id\":\"https:\/\/www.obucamidd.rs\/#website\"},\"datePublished\":\"2021-04-01T07:53:37+00:00\",\"dateModified\":\"2021-07-13T09:44:51+00:00\",\"breadcrumb\":{\"@id\":\"https:\/\/www.obucamidd.rs\/kontakt\/#breadcrumb\"},\"inLanguage\":\"en-US\",\"potentialAction\":[{\"@type\":\"ReadAction\",\"target\":[\"https:\/\/www.obucamidd.rs\/kontakt\/\"]}]},{\"@type\":\"BreadcrumbList\",\"@id\":\"https:\/\/www.obucamidd.rs\/kontakt\/#breadcrumb\",\"itemListElement\":[{\"@type\":\"ListItem\",\"position\":1,\"name\":\"Home\",\"item\":\"https:\/\/www.obucamidd.rs\/\"},{\"@type\":\"ListItem\",\"position\":2,\"name\":\"Kontakt\"}]}]}<\/script>\n<!-- \/ Yoast SEO plugin. -->","yoast_head_json":{"title":"Kontakt - Obu\u0107a Midd","robots":{"index":"index","follow":"follow","max-snippet":"max-snippet:-1","max-image-preview":"max-image-preview:large","max-video-preview":"max-video-preview:-1"},"canonical":"https:\/\/www.obucamidd.rs\/en\/kontakt\/","og_locale":"en_US","og_type":"article","og_title":"Kontakt - Obu\u0107a Midd","og_description":"Kontaktirajte nas Za sva dodatna pitanja u vezi nas i na\u0161ih proizvoda mo\u017eete nam poslati e-mail ili nas mo\u017eete pozvati telefonom. Adresa Sin\u0111eli\u0107eva 42, 35230 \u0106uprija Telefon 1 +381 35 8474 323 Telefon 2 +381 63 77 901 77 Email info@obucamidd.rs Po\u0161aljite nam poruku","og_url":"https:\/\/www.obucamidd.rs\/en\/kontakt\/","og_site_name":"Obu\u0107a Midd","article_modified_time":"2021-07-13T09:44:51+00:00","twitter_card":"summary_large_image","schema":{"@context":"https:\/\/schema.org","@graph":[{"@type":"Organization","@id":"https:\/\/www.obucamidd.rs\/#organization","name":"obucamidd","url":"https:\/\/www.obucamidd.rs\/","sameAs":[],"logo":{"@type":"ImageObject","@id":"https:\/\/www.obucamidd.rs\/#logo","inLanguage":"en-US","url":"http:\/\/www.obucamidd.rs\/wp-content\/uploads\/2021\/09\/logo.svg","contentUrl":"http:\/\/www.obucamidd.rs\/wp-content\/uploads\/2021\/09\/logo.svg","width":1629,"height":1219,"caption":"obucamidd"},"image":{"@id":"https:\/\/www.obucamidd.rs\/#logo"}},{"@type":"WebSite","@id":"https:\/\/www.obucamidd.rs\/#website","url":"https:\/\/www.obucamidd.rs\/","name":"Obu\u0107a Midd","description":"Udobnost na Prvom Mestu","publisher":{"@id":"https:\/\/www.obucamidd.rs\/#organization"},"potentialAction":[{"@type":"SearchAction","target":{"@type":"EntryPoint","urlTemplate":"https:\/\/www.obucamidd.rs\/?s={search_term_string}"},"query-input":"required name=search_term_string"}],"inLanguage":"en-US"},{"@type":"WebPage","@id":"https:\/\/www.obucamidd.rs\/kontakt\/#webpage","url":"https:\/\/www.obucamidd.rs\/kontakt\/","name":"Kontakt - Obu\u0107a Midd","isPartOf":{"@id":"https:\/\/www.obucamidd.rs\/#website"},"datePublished":"2021-04-01T07:53:37+00:00","dateModified":"2021-07-13T09:44:51+00:00","breadcrumb":{"@id":"https:\/\/www.obucamidd.rs\/kontakt\/#breadcrumb"},"inLanguage":"en-US","potentialAction":[{"@type":"ReadAction","target":["https:\/\/www.obucamidd.rs\/kontakt\/"]}]},{"@type":"BreadcrumbList","@id":"https:\/\/www.obucamidd.rs\/kontakt\/#breadcrumb","itemListElement":[{"@type":"ListItem","position":1,"name":"Home","item":"https:\/\/www.obucamidd.rs\/"},{"@type":"ListItem","position":2,"name":"Kontakt"}]}]}},"_links":{"self":[{"href":"https:\/\/www.obucamidd.rs\/en\/wp-json\/wp\/v2\/pages\/297"}],"collection":[{"href":"https:\/\/www.obucamidd.rs\/en\/wp-json\/wp\/v2\/pages"}],"about":[{"href":"https:\/\/www.obucamidd.rs\/en\/wp-json\/wp\/v2\/types\/page"}],"author":[{"embeddable":true,"href":"https:\/\/www.obucamidd.rs\/en\/wp-json\/wp\/v2\/users\/1"}],"replies":[{"embeddable":true,"href":"https:\/\/www.obucamidd.rs\/en\/wp-json\/wp\/v2\/comments?post=297"}],"version-history":[{"count":13,"href":"https:\/\/www.obucamidd.rs\/en\/wp-json\/wp\/v2\/pages\/297\/revisions"}],"predecessor-version":[{"id":1066,"href":"https:\/\/www.obucamidd.rs\/en\/wp-json\/wp\/v2\/pages\/297\/revisions\/1066"}],"wp:attachment":[{"href":"https:\/\/www.obucamidd.rs\/en\/wp-json\/wp\/v2\/media?parent=297"}],"curies":[{"name":"wp","href":"https:\/\/api.w.org\/{rel}","templated":true}]}}